{"id":170,"date":"2025-02-26T18:48:29","date_gmt":"2025-02-26T17:48:29","guid":{"rendered":"https:\/\/www.spros.cz\/?page_id=170"},"modified":"2025-03-03T19:07:44","modified_gmt":"2025-03-03T18:07:44","slug":"nabidka","status":"publish","type":"page","link":"https:\/\/www.spros.cz\/?page_id=170","title":{"rendered":"Nab\u00eddka slu\u017eeb"},"content":{"rendered":"\t\t<div data-elementor-type=\"wp-post\" data-elementor-id=\"170\" class=\"elementor elementor-170\">\n\t\t\t\t<div class=\"elementor-element elementor-element-016a297 e-grid e-con-full e-con e-parent\" data-id=\"016a297\" data-element_type=\"container\">\n\t\t\t\t<div class=\"elementor-element elementor-element-ae3b0ec elementor-icon-list--layout-traditional elementor-list-item-link-full_width elementor-widget elementor-widget-icon-list\" data-id=\"ae3b0ec\" data-element_type=\"widget\" data-widget_type=\"icon-list.default\">\n\t\t\t\t<div class=\"elementor-widget-container\">\n\t\t\t\t\t\t\t<ul class=\"elementor-icon-list-items\">\n\t\t\t\t\t\t\t<li class=\"elementor-icon-list-item\">\n\t\t\t\t\t\t\t\t\t\t\t<span class=\"elementor-icon-list-icon\">\n\t\t\t\t\t\t\t<svg aria-hidden=\"true\" class=\"e-font-icon-svg e-fas-square\" viewBox=\"0 0 448 512\" xmlns=\"http:\/\/www.w3.org\/2000\/svg\"><path d=\"M400 32H48C21.5 32 0 53.5 0 80v352c0 26.5 21.5 48 48 48h352c26.5 0 48-21.5 48-48V80c0-26.5-21.5-48-48-48z\"><\/path><\/svg>\t\t\t\t\t\t<\/span>\n\t\t\t\t\t\t\t\t\t\t<span class=\"elementor-icon-list-text\">Opravy a rekonstrukce budov<\/span>\n\t\t\t\t\t\t\t\t\t<\/li>\n\t\t\t\t\t\t\t\t<li class=\"elementor-icon-list-item\">\n\t\t\t\t\t\t\t\t\t\t\t<span class=\"elementor-icon-list-icon\">\n\t\t\t\t\t\t\t<svg aria-hidden=\"true\" class=\"e-font-icon-svg e-fas-square\" viewBox=\"0 0 448 512\" xmlns=\"http:\/\/www.w3.org\/2000\/svg\"><path d=\"M400 32H48C21.5 32 0 53.5 0 80v352c0 26.5 21.5 48 48 48h352c26.5 0 48-21.5 48-48V80c0-26.5-21.5-48-48-48z\"><\/path><\/svg>\t\t\t\t\t\t<\/span>\n\t\t\t\t\t\t\t\t\t\t<span class=\"elementor-icon-list-text\">Rekonstrukce historick\u00fdch budov<\/span>\n\t\t\t\t\t\t\t\t\t<\/li>\n\t\t\t\t\t\t\t\t<li class=\"elementor-icon-list-item\">\n\t\t\t\t\t\t\t\t\t\t\t<span class=\"elementor-icon-list-icon\">\n\t\t\t\t\t\t\t<svg aria-hidden=\"true\" class=\"e-font-icon-svg e-fas-square\" viewBox=\"0 0 448 512\" xmlns=\"http:\/\/www.w3.org\/2000\/svg\"><path d=\"M400 32H48C21.5 32 0 53.5 0 80v352c0 26.5 21.5 48 48 48h352c26.5 0 48-21.5 48-48V80c0-26.5-21.5-48-48-48z\"><\/path><\/svg>\t\t\t\t\t\t<\/span>\n\t\t\t\t\t\t\t\t\t\t<span class=\"elementor-icon-list-text\">Zateplen\u00ed st\u0159ech<\/span>\n\t\t\t\t\t\t\t\t\t<\/li>\n\t\t\t\t\t\t\t\t<li class=\"elementor-icon-list-item\">\n\t\t\t\t\t\t\t\t\t\t\t<span class=\"elementor-icon-list-icon\">\n\t\t\t\t\t\t\t<svg aria-hidden=\"true\" class=\"e-font-icon-svg e-fas-square\" viewBox=\"0 0 448 512\" xmlns=\"http:\/\/www.w3.org\/2000\/svg\"><path d=\"M400 32H48C21.5 32 0 53.5 0 80v352c0 26.5 21.5 48 48 48h352c26.5 0 48-21.5 48-48V80c0-26.5-21.5-48-48-48z\"><\/path><\/svg>\t\t\t\t\t\t<\/span>\n\t\t\t\t\t\t\t\t\t\t<span class=\"elementor-icon-list-text\">St\u0159echy<\/span>\n\t\t\t\t\t\t\t\t\t<\/li>\n\t\t\t\t\t\t\t\t<li class=\"elementor-icon-list-item\">\n\t\t\t\t\t\t\t\t\t\t\t<span class=\"elementor-icon-list-icon\">\n\t\t\t\t\t\t\t<svg aria-hidden=\"true\" class=\"e-font-icon-svg e-fas-square\" viewBox=\"0 0 448 512\" xmlns=\"http:\/\/www.w3.org\/2000\/svg\"><path d=\"M400 32H48C21.5 32 0 53.5 0 80v352c0 26.5 21.5 48 48 48h352c26.5 0 48-21.5 48-48V80c0-26.5-21.5-48-48-48z\"><\/path><\/svg>\t\t\t\t\t\t<\/span>\n\t\t\t\t\t\t\t\t\t\t<span class=\"elementor-icon-list-text\">Tesa\u0159sk\u00e1 pr\u00e1ce<\/span>\n\t\t\t\t\t\t\t\t\t<\/li>\n\t\t\t\t\t\t\t\t<li class=\"elementor-icon-list-item\">\n\t\t\t\t\t\t\t\t\t\t\t<span class=\"elementor-icon-list-icon\">\n\t\t\t\t\t\t\t<svg aria-hidden=\"true\" class=\"e-font-icon-svg e-fas-square\" viewBox=\"0 0 448 512\" xmlns=\"http:\/\/www.w3.org\/2000\/svg\"><path d=\"M400 32H48C21.5 32 0 53.5 0 80v352c0 26.5 21.5 48 48 48h352c26.5 0 48-21.5 48-48V80c0-26.5-21.5-48-48-48z\"><\/path><\/svg>\t\t\t\t\t\t<\/span>\n\t\t\t\t\t\t\t\t\t\t<span class=\"elementor-icon-list-text\">Zemn\u00ed pr\u00e1ce<\/span>\n\t\t\t\t\t\t\t\t\t<\/li>\n\t\t\t\t\t\t<\/ul>\n\t\t\t\t\t\t<\/div>\n\t\t\t\t<\/div>\n\t\t\t\t<div class=\"elementor-element elementor-element-30971c0 elementor-widget elementor-widget-image\" data-id=\"30971c0\" data-element_type=\"widget\" data-widget_type=\"image.default\">\n\t\t\t\t<div class=\"elementor-widget-container\">\n\t\t\t\t\t\t\t\t\t\t\t\t\t\t\t<img fetchpriority=\"high\" decoding=\"async\" width=\"1024\" height=\"576\" src=\"https:\/\/www.spros.cz\/wp-content\/uploads\/2025\/02\/pexels-photo-13569603-1024x576.webp\" class=\"attachment-large size-large wp-image-211\" alt=\"\" srcset=\"https:\/\/www.spros.cz\/wp-content\/uploads\/2025\/02\/pexels-photo-13569603-1024x576.webp 1024w, https:\/\/www.spros.cz\/wp-content\/uploads\/2025\/02\/pexels-photo-13569603-300x169.webp 300w, https:\/\/www.spros.cz\/wp-content\/uploads\/2025\/02\/pexels-photo-13569603-768x432.webp 768w, https:\/\/www.spros.cz\/wp-content\/uploads\/2025\/02\/pexels-photo-13569603-1536x864.webp 1536w, https:\/\/www.spros.cz\/wp-content\/uploads\/2025\/02\/pexels-photo-13569603-2048x1152.webp 2048w\" sizes=\"(max-width: 1024px) 100vw, 1024px\" \/>\t\t\t\t\t\t\t\t\t\t\t\t\t\t\t<\/div>\n\t\t\t\t<\/div>\n\t\t\t\t<\/div>\n\t\t\t\t<\/div>\n\t\t","protected":false},"excerpt":{"rendered":"<p>Opravy a rekonstrukce budov Rekonstrukce historick\u00fdch budov Zateplen\u00ed st\u0159ech St\u0159echy Tesa\u0159sk\u00e1 pr\u00e1ce Zemn\u00ed pr\u00e1ce<\/p>\n","protected":false},"author":1,"featured_media":0,"parent":0,"menu_order":0,"comment_status":"closed","ping_status":"closed","template":"","meta":{"footnotes":""},"class_list":["post-170","page","type-page","status-publish"],"yoast_head":"<!-- This site is optimized with the Yoast SEO plugin v24.5 - https:\/\/yoast.com\/wordpress\/plugins\/seo\/ -->\n<title>Nab\u00eddka slu\u017eeb -<\/title>\n<meta name=\"robots\" content=\"index, follow, max-snippet:-1, max-image-preview:large, max-video-preview:-1\" \/>\n<link rel=\"canonical\" href=\"https:\/\/www.spros.cz\/?page_id=170\" \/>\n<meta property=\"og:locale\" content=\"cs_CZ\" \/>\n<meta property=\"og:type\" content=\"article\" \/>\n<meta property=\"og:title\" content=\"Nab\u00eddka slu\u017eeb -\" \/>\n<meta property=\"og:description\" content=\"Opravy a rekonstrukce budov Rekonstrukce historick\u00fdch budov Zateplen\u00ed st\u0159ech St\u0159echy Tesa\u0159sk\u00e1 pr\u00e1ce Zemn\u00ed pr\u00e1ce\" \/>\n<meta property=\"og:url\" content=\"https:\/\/www.spros.cz\/?page_id=170\" \/>\n<meta property=\"article:modified_time\" content=\"2025-03-03T18:07:44+00:00\" \/>\n<meta property=\"og:image\" content=\"https:\/\/www.spros.cz\/wp-content\/uploads\/2025\/02\/pexels-photo-13569603.webp\" \/>\n\t<meta property=\"og:image:width\" content=\"2520\" \/>\n\t<meta property=\"og:image:height\" content=\"1417\" \/>\n\t<meta property=\"og:image:type\" content=\"image\/webp\" \/>\n<meta name=\"twitter:card\" content=\"summary_large_image\" \/>\n<meta name=\"twitter:label1\" content=\"Odhadovan\u00e1 doba \u010dten\u00ed\" \/>\n\t<meta name=\"twitter:data1\" content=\"1 minuta\" \/>\n<script type=\"application\/ld+json\" class=\"yoast-schema-graph\">{\"@context\":\"https:\/\/schema.org\",\"@graph\":[{\"@type\":\"WebPage\",\"@id\":\"https:\/\/www.spros.cz\/?page_id=170\",\"url\":\"https:\/\/www.spros.cz\/?page_id=170\",\"name\":\"Nab\u00eddka slu\u017eeb -\",\"isPartOf\":{\"@id\":\"https:\/\/www.spros.cz\/#website\"},\"primaryImageOfPage\":{\"@id\":\"https:\/\/www.spros.cz\/?page_id=170#primaryimage\"},\"image\":{\"@id\":\"https:\/\/www.spros.cz\/?page_id=170#primaryimage\"},\"thumbnailUrl\":\"https:\/\/www.spros.cz\/wp-content\/uploads\/2025\/02\/pexels-photo-13569603-1024x576.webp\",\"datePublished\":\"2025-02-26T17:48:29+00:00\",\"dateModified\":\"2025-03-03T18:07:44+00:00\",\"breadcrumb\":{\"@id\":\"https:\/\/www.spros.cz\/?page_id=170#breadcrumb\"},\"inLanguage\":\"cs\",\"potentialAction\":[{\"@type\":\"ReadAction\",\"target\":[\"https:\/\/www.spros.cz\/?page_id=170\"]}]},{\"@type\":\"ImageObject\",\"inLanguage\":\"cs\",\"@id\":\"https:\/\/www.spros.cz\/?page_id=170#primaryimage\",\"url\":\"https:\/\/www.spros.cz\/wp-content\/uploads\/2025\/02\/pexels-photo-13569603.webp\",\"contentUrl\":\"https:\/\/www.spros.cz\/wp-content\/uploads\/2025\/02\/pexels-photo-13569603.webp\",\"width\":2520,\"height\":1417},{\"@type\":\"BreadcrumbList\",\"@id\":\"https:\/\/www.spros.cz\/?page_id=170#breadcrumb\",\"itemListElement\":[{\"@type\":\"ListItem\",\"position\":1,\"name\":\"Dom\u016f\",\"item\":\"https:\/\/www.spros.cz\/\"},{\"@type\":\"ListItem\",\"position\":2,\"name\":\"Nab\u00eddka slu\u017eeb\"}]},{\"@type\":\"WebSite\",\"@id\":\"https:\/\/www.spros.cz\/#website\",\"url\":\"https:\/\/www.spros.cz\/\",\"name\":\"Sproscz\",\"description\":\"V\u0161e pro st\u0159echy od A do Z\",\"potentialAction\":[{\"@type\":\"SearchAction\",\"target\":{\"@type\":\"EntryPoint\",\"urlTemplate\":\"https:\/\/www.spros.cz\/?s={search_term_string}\"},\"query-input\":{\"@type\":\"PropertyValueSpecification\",\"valueRequired\":true,\"valueName\":\"search_term_string\"}}],\"inLanguage\":\"cs\"}]}<\/script>\n<!-- \/ Yoast SEO plugin. -->","yoast_head_json":{"title":"Nab\u00eddka slu\u017eeb -","robots":{"index":"index","follow":"follow","max-snippet":"max-snippet:-1","max-image-preview":"max-image-preview:large","max-video-preview":"max-video-preview:-1"},"canonical":"https:\/\/www.spros.cz\/?page_id=170","og_locale":"cs_CZ","og_type":"article","og_title":"Nab\u00eddka slu\u017eeb -","og_description":"Opravy a rekonstrukce budov Rekonstrukce historick\u00fdch budov Zateplen\u00ed st\u0159ech St\u0159echy Tesa\u0159sk\u00e1 pr\u00e1ce Zemn\u00ed pr\u00e1ce","og_url":"https:\/\/www.spros.cz\/?page_id=170","article_modified_time":"2025-03-03T18:07:44+00:00","og_image":[{"width":2520,"height":1417,"url":"https:\/\/www.spros.cz\/wp-content\/uploads\/2025\/02\/pexels-photo-13569603.webp","type":"image\/webp"}],"twitter_card":"summary_large_image","twitter_misc":{"Odhadovan\u00e1 doba \u010dten\u00ed":"1 minuta"},"schema":{"@context":"https:\/\/schema.org","@graph":[{"@type":"WebPage","@id":"https:\/\/www.spros.cz\/?page_id=170","url":"https:\/\/www.spros.cz\/?page_id=170","name":"Nab\u00eddka slu\u017eeb -","isPartOf":{"@id":"https:\/\/www.spros.cz\/#website"},"primaryImageOfPage":{"@id":"https:\/\/www.spros.cz\/?page_id=170#primaryimage"},"image":{"@id":"https:\/\/www.spros.cz\/?page_id=170#primaryimage"},"thumbnailUrl":"https:\/\/www.spros.cz\/wp-content\/uploads\/2025\/02\/pexels-photo-13569603-1024x576.webp","datePublished":"2025-02-26T17:48:29+00:00","dateModified":"2025-03-03T18:07:44+00:00","breadcrumb":{"@id":"https:\/\/www.spros.cz\/?page_id=170#breadcrumb"},"inLanguage":"cs","potentialAction":[{"@type":"ReadAction","target":["https:\/\/www.spros.cz\/?page_id=170"]}]},{"@type":"ImageObject","inLanguage":"cs","@id":"https:\/\/www.spros.cz\/?page_id=170#primaryimage","url":"https:\/\/www.spros.cz\/wp-content\/uploads\/2025\/02\/pexels-photo-13569603.webp","contentUrl":"https:\/\/www.spros.cz\/wp-content\/uploads\/2025\/02\/pexels-photo-13569603.webp","width":2520,"height":1417},{"@type":"BreadcrumbList","@id":"https:\/\/www.spros.cz\/?page_id=170#breadcrumb","itemListElement":[{"@type":"ListItem","position":1,"name":"Dom\u016f","item":"https:\/\/www.spros.cz\/"},{"@type":"ListItem","position":2,"name":"Nab\u00eddka slu\u017eeb"}]},{"@type":"WebSite","@id":"https:\/\/www.spros.cz\/#website","url":"https:\/\/www.spros.cz\/","name":"Sproscz","description":"V\u0161e pro st\u0159echy od A do Z","potentialAction":[{"@type":"SearchAction","target":{"@type":"EntryPoint","urlTemplate":"https:\/\/www.spros.cz\/?s={search_term_string}"},"query-input":{"@type":"PropertyValueSpecification","valueRequired":true,"valueName":"search_term_string"}}],"inLanguage":"cs"}]}},"_links":{"self":[{"href":"https:\/\/www.spros.cz\/index.php?rest_route=\/wp\/v2\/pages\/170","targetHints":{"allow":["GET"]}}],"collection":[{"href":"https:\/\/www.spros.cz\/index.php?rest_route=\/wp\/v2\/pages"}],"about":[{"href":"https:\/\/www.spros.cz\/index.php?rest_route=\/wp\/v2\/types\/page"}],"author":[{"embeddable":true,"href":"https:\/\/www.spros.cz\/index.php?rest_route=\/wp\/v2\/users\/1"}],"replies":[{"embeddable":true,"href":"https:\/\/www.spros.cz\/index.php?rest_route=%2Fwp%2Fv2%2Fcomments&post=170"}],"version-history":[{"count":11,"href":"https:\/\/www.spros.cz\/index.php?rest_route=\/wp\/v2\/pages\/170\/revisions"}],"predecessor-version":[{"id":425,"href":"https:\/\/www.spros.cz\/index.php?rest_route=\/wp\/v2\/pages\/170\/revisions\/425"}],"wp:attachment":[{"href":"https:\/\/www.spros.cz\/index.php?rest_route=%2Fwp%2Fv2%2Fmedia&parent=170"}],"curies":[{"name":"wp","href":"https:\/\/api.w.org\/{rel}","templated":true}]}}