{"id":177,"date":"2025-02-26T18:48:14","date_gmt":"2025-02-26T17:48:14","guid":{"rendered":"https:\/\/www.spros.cz\/?page_id=177"},"modified":"2025-03-04T17:17:29","modified_gmt":"2025-03-04T16:17:29","slug":"o-nas-2","status":"publish","type":"page","link":"https:\/\/www.spros.cz\/","title":{"rendered":"O n\u00e1s"},"content":{"rendered":"\t\t<div data-elementor-type=\"wp-post\" data-elementor-id=\"177\" class=\"elementor elementor-177\">\n\t\t\t\t<div class=\"elementor-element elementor-element-c9877ab e-grid e-con-boxed e-con e-parent\" data-id=\"c9877ab\" data-element_type=\"container\">\n\t\t\t\t\t<div class=\"e-con-inner\">\n\t\t<div class=\"elementor-element elementor-element-8327d33 e-con-full e-flex e-con e-child\" data-id=\"8327d33\" data-element_type=\"container\">\n\t\t\t\t<div class=\"elementor-element elementor-element-961c767 elementor-widget elementor-widget-text-editor\" data-id=\"961c767\" data-element_type=\"widget\" data-widget_type=\"text-editor.default\">\n\t\t\t\t<div class=\"elementor-widget-container\">\n\t\t\t\t\t\t\t\t\t<p>\u00a0Stavebn\u00ed spole\u010dnost S pro S cz, spol s.r.o. je modern\u00ed spole\u010dnost p\u016fsob\u00edc\u00ed na \u00fazem\u00ed St\u0159edo\u010desk\u00e9ho a Severo\u010desk\u00e9ho kraje.\u00a0<\/p>\t\t\t\t\t\t\t\t<\/div>\n\t\t\t\t<\/div>\n\t\t\t\t<div class=\"elementor-element elementor-element-ecf4026 elementor-widget elementor-widget-text-editor\" data-id=\"ecf4026\" data-element_type=\"widget\" data-widget_type=\"text-editor.default\">\n\t\t\t\t<div class=\"elementor-widget-container\">\n\t\t\t\t\t\t\t\t\t<p>Na\u0161i zam\u011bstnanci maj\u00ed u\u017e dlouholet\u00e9 zku\u0161enosti v oboru a d\u00edky tomu je na\u0161e spole\u010dnost schopna poskytnout slu\u017eby na velice vysok\u00e9 \u00farovni. Specializace na\u0161\u00ed spole\u010dnosti jsou rekonstrukce&nbsp; objekt\u016f se zam\u011b\u0159en\u00edm na opravy st\u0159e\u0161n\u00edch konstrukc\u00ed.<\/p>\t\t\t\t\t\t\t\t<\/div>\n\t\t\t\t<\/div>\n\t\t\t\t<\/div>\n\t\t<div class=\"elementor-element elementor-element-fb58b3a e-con-full e-flex e-con e-child\" data-id=\"fb58b3a\" data-element_type=\"container\">\n\t\t\t\t<div class=\"elementor-element elementor-element-b4dc1f8 elementor-widget elementor-widget-heading\" data-id=\"b4dc1f8\" data-element_type=\"widget\" data-widget_type=\"heading.default\">\n\t\t\t\t<div class=\"elementor-widget-container\">\n\t\t\t\t\t<h2 class=\"elementor-heading-title elementor-size-default\">Nab\u00edz\u00edme<\/h2>\t\t\t\t<\/div>\n\t\t\t\t<\/div>\n\t\t\t\t<div class=\"elementor-element elementor-element-7a4b357 elementor-align-left elementor-icon-list--layout-traditional elementor-list-item-link-full_width elementor-widget elementor-widget-icon-list\" data-id=\"7a4b357\" data-element_type=\"widget\" data-widget_type=\"icon-list.default\">\n\t\t\t\t<div class=\"elementor-widget-container\">\n\t\t\t\t\t\t\t<ul class=\"elementor-icon-list-items\">\n\t\t\t\t\t\t\t<li class=\"elementor-icon-list-item\">\n\t\t\t\t\t\t\t\t\t\t\t<span class=\"elementor-icon-list-icon\">\n\t\t\t\t\t\t\t<svg aria-hidden=\"true\" class=\"e-font-icon-svg e-fas-square\" viewBox=\"0 0 448 512\" xmlns=\"http:\/\/www.w3.org\/2000\/svg\"><path d=\"M400 32H48C21.5 32 0 53.5 0 80v352c0 26.5 21.5 48 48 48h352c26.5 0 48-21.5 48-48V80c0-26.5-21.5-48-48-48z\"><\/path><\/svg>\t\t\t\t\t\t<\/span>\n\t\t\t\t\t\t\t\t\t\t<span class=\"elementor-icon-list-text\">Modernizace<\/span>\n\t\t\t\t\t\t\t\t\t<\/li>\n\t\t\t\t\t\t\t\t<li class=\"elementor-icon-list-item\">\n\t\t\t\t\t\t\t\t\t\t\t<span class=\"elementor-icon-list-icon\">\n\t\t\t\t\t\t\t<svg aria-hidden=\"true\" class=\"e-font-icon-svg e-fas-square\" viewBox=\"0 0 448 512\" xmlns=\"http:\/\/www.w3.org\/2000\/svg\"><path d=\"M400 32H48C21.5 32 0 53.5 0 80v352c0 26.5 21.5 48 48 48h352c26.5 0 48-21.5 48-48V80c0-26.5-21.5-48-48-48z\"><\/path><\/svg>\t\t\t\t\t\t<\/span>\n\t\t\t\t\t\t\t\t\t\t<span class=\"elementor-icon-list-text\">P\u016fvodn\u00ed vestavby<\/span>\n\t\t\t\t\t\t\t\t\t<\/li>\n\t\t\t\t\t\t\t\t<li class=\"elementor-icon-list-item\">\n\t\t\t\t\t\t\t\t\t\t\t<span class=\"elementor-icon-list-icon\">\n\t\t\t\t\t\t\t<svg aria-hidden=\"true\" class=\"e-font-icon-svg e-fas-square\" viewBox=\"0 0 448 512\" xmlns=\"http:\/\/www.w3.org\/2000\/svg\"><path d=\"M400 32H48C21.5 32 0 53.5 0 80v352c0 26.5 21.5 48 48 48h352c26.5 0 48-21.5 48-48V80c0-26.5-21.5-48-48-48z\"><\/path><\/svg>\t\t\t\t\t\t<\/span>\n\t\t\t\t\t\t\t\t\t\t<span class=\"elementor-icon-list-text\">Rekonstrukce st\u0159ech<\/span>\n\t\t\t\t\t\t\t\t\t<\/li>\n\t\t\t\t\t\t\t\t<li class=\"elementor-icon-list-item\">\n\t\t\t\t\t\t\t\t\t\t\t<span class=\"elementor-icon-list-icon\">\n\t\t\t\t\t\t\t<svg aria-hidden=\"true\" class=\"e-font-icon-svg e-fas-square\" viewBox=\"0 0 448 512\" xmlns=\"http:\/\/www.w3.org\/2000\/svg\"><path d=\"M400 32H48C21.5 32 0 53.5 0 80v352c0 26.5 21.5 48 48 48h352c26.5 0 48-21.5 48-48V80c0-26.5-21.5-48-48-48z\"><\/path><\/svg>\t\t\t\t\t\t<\/span>\n\t\t\t\t\t\t\t\t\t\t<span class=\"elementor-icon-list-text\">Tesa\u0159sk\u00e1 pr\u00e1ce<\/span>\n\t\t\t\t\t\t\t\t\t<\/li>\n\t\t\t\t\t\t\t\t<li class=\"elementor-icon-list-item\">\n\t\t\t\t\t\t\t\t\t\t\t<span class=\"elementor-icon-list-icon\">\n\t\t\t\t\t\t\t<svg aria-hidden=\"true\" class=\"e-font-icon-svg e-fas-square\" viewBox=\"0 0 448 512\" xmlns=\"http:\/\/www.w3.org\/2000\/svg\"><path d=\"M400 32H48C21.5 32 0 53.5 0 80v352c0 26.5 21.5 48 48 48h352c26.5 0 48-21.5 48-48V80c0-26.5-21.5-48-48-48z\"><\/path><\/svg>\t\t\t\t\t\t<\/span>\n\t\t\t\t\t\t\t\t\t\t<span class=\"elementor-icon-list-text\">Zemn\u00ed pr\u00e1ce<\/span>\n\t\t\t\t\t\t\t\t\t<\/li>\n\t\t\t\t\t\t<\/ul>\n\t\t\t\t\t\t<\/div>\n\t\t\t\t<\/div>\n\t\t\t\t<\/div>\n\t\t\t\t\t<\/div>\n\t\t\t\t<\/div>\n\t\t<div class=\"elementor-element elementor-element-d4df743 e-flex e-con-boxed e-con e-parent\" data-id=\"d4df743\" data-element_type=\"container\">\n\t\t\t\t\t<div class=\"e-con-inner\">\n\t\t\t\t<div class=\"elementor-element elementor-element-b4fb545 elementor-widget-divider--view-line elementor-widget elementor-widget-divider\" data-id=\"b4fb545\" data-element_type=\"widget\" data-widget_type=\"divider.default\">\n\t\t\t\t<div class=\"elementor-widget-container\">\n\t\t\t\t\t\t\t<div class=\"elementor-divider\">\n\t\t\t<span class=\"elementor-divider-separator\">\n\t\t\t\t\t\t<\/span>\n\t\t<\/div>\n\t\t\t\t\t\t<\/div>\n\t\t\t\t<\/div>\n\t\t\t\t\t<\/div>\n\t\t\t\t<\/div>\n\t\t<div class=\"elementor-element elementor-element-4c4653a e-flex e-con-boxed e-con e-parent\" data-id=\"4c4653a\" data-element_type=\"container\">\n\t\t\t\t\t<div class=\"e-con-inner\">\n\t\t\t\t<div class=\"elementor-element elementor-element-511c8ec elementor-widget elementor-widget-image\" data-id=\"511c8ec\" data-element_type=\"widget\" data-widget_type=\"image.default\">\n\t\t\t\t<div class=\"elementor-widget-container\">\n\t\t\t\t\t\t\t\t\t\t\t\t\t\t\t<img fetchpriority=\"high\" decoding=\"async\" width=\"1024\" height=\"576\" src=\"https:\/\/www.spros.cz\/wp-content\/uploads\/2025\/02\/ssad-1024x576.jpg\" class=\"attachment-large size-large wp-image-167\" alt=\"\" srcset=\"https:\/\/www.spros.cz\/wp-content\/uploads\/2025\/02\/ssad-1024x576.jpg 1024w, https:\/\/www.spros.cz\/wp-content\/uploads\/2025\/02\/ssad-300x169.jpg 300w, https:\/\/www.spros.cz\/wp-content\/uploads\/2025\/02\/ssad-768x432.jpg 768w, https:\/\/www.spros.cz\/wp-content\/uploads\/2025\/02\/ssad-1536x864.jpg 1536w, https:\/\/www.spros.cz\/wp-content\/uploads\/2025\/02\/ssad.jpg 1920w\" sizes=\"(max-width: 1024px) 100vw, 1024px\" \/>\t\t\t\t\t\t\t\t\t\t\t\t\t\t\t<\/div>\n\t\t\t\t<\/div>\n\t\t\t\t\t<\/div>\n\t\t\t\t<\/div>\n\t\t\t\t<\/div>\n\t\t","protected":false},"excerpt":{"rendered":"<p>\u00a0Stavebn\u00ed spole\u010dnost S pro S cz, spol s.r.o. je modern\u00ed spole\u010dnost p\u016fsob\u00edc\u00ed na \u00fazem\u00ed St\u0159edo\u010desk\u00e9ho a Severo\u010desk\u00e9ho kraje.\u00a0 Na\u0161i zam\u011bstnanci maj\u00ed u\u017e dlouholet\u00e9 zku\u0161enosti v oboru a d\u00edky tomu je na\u0161e spole\u010dnost schopna poskytnout slu\u017eby na velice vysok\u00e9 \u00farovni. Specializace na\u0161\u00ed spole\u010dnosti jsou rekonstrukce&nbsp; objekt\u016f se zam\u011b\u0159en\u00edm na opravy st\u0159e\u0161n\u00edch konstrukc\u00ed. Nab\u00edz\u00edme Modernizace P\u016fvodn\u00ed vestavby &#8230;<\/p>\n","protected":false},"author":1,"featured_media":0,"parent":0,"menu_order":0,"comment_status":"closed","ping_status":"closed","template":"","meta":{"footnotes":""},"class_list":["post-177","page","type-page","status-publish"],"yoast_head":"<!-- This site is optimized with the Yoast SEO plugin v24.5 - https:\/\/yoast.com\/wordpress\/plugins\/seo\/ -->\n<title>O n\u00e1s -<\/title>\n<meta name=\"robots\" content=\"index, follow, max-snippet:-1, max-image-preview:large, max-video-preview:-1\" \/>\n<link rel=\"canonical\" href=\"https:\/\/www.spros.cz\/\" \/>\n<meta property=\"og:locale\" content=\"cs_CZ\" \/>\n<meta property=\"og:type\" content=\"article\" \/>\n<meta property=\"og:title\" content=\"O n\u00e1s -\" \/>\n<meta property=\"og:description\" content=\"\u00a0Stavebn\u00ed spole\u010dnost S pro S cz, spol s.r.o. je modern\u00ed spole\u010dnost p\u016fsob\u00edc\u00ed na \u00fazem\u00ed St\u0159edo\u010desk\u00e9ho a Severo\u010desk\u00e9ho kraje.\u00a0 Na\u0161i zam\u011bstnanci maj\u00ed u\u017e dlouholet\u00e9 zku\u0161enosti v oboru a d\u00edky tomu je na\u0161e spole\u010dnost schopna poskytnout slu\u017eby na velice vysok\u00e9 \u00farovni. Specializace na\u0161\u00ed spole\u010dnosti jsou rekonstrukce&nbsp; objekt\u016f se zam\u011b\u0159en\u00edm na opravy st\u0159e\u0161n\u00edch konstrukc\u00ed. Nab\u00edz\u00edme Modernizace P\u016fvodn\u00ed vestavby ...\" \/>\n<meta property=\"og:url\" content=\"https:\/\/www.spros.cz\/\" \/>\n<meta property=\"article:modified_time\" content=\"2025-03-04T16:17:29+00:00\" \/>\n<meta property=\"og:image\" content=\"https:\/\/www.spros.cz\/wp-content\/uploads\/2025\/02\/ssad.jpg\" \/>\n\t<meta property=\"og:image:width\" content=\"1920\" \/>\n\t<meta property=\"og:image:height\" content=\"1080\" \/>\n\t<meta property=\"og:image:type\" content=\"image\/jpeg\" \/>\n<meta name=\"twitter:card\" content=\"summary_large_image\" \/>\n<meta name=\"twitter:label1\" content=\"Odhadovan\u00e1 doba \u010dten\u00ed\" \/>\n\t<meta name=\"twitter:data1\" content=\"1 minuta\" \/>\n<script type=\"application\/ld+json\" class=\"yoast-schema-graph\">{\"@context\":\"https:\/\/schema.org\",\"@graph\":[{\"@type\":\"WebPage\",\"@id\":\"https:\/\/www.spros.cz\/\",\"url\":\"https:\/\/www.spros.cz\/\",\"name\":\"O n\u00e1s -\",\"isPartOf\":{\"@id\":\"https:\/\/www.spros.cz\/#website\"},\"primaryImageOfPage\":{\"@id\":\"https:\/\/www.spros.cz\/#primaryimage\"},\"image\":{\"@id\":\"https:\/\/www.spros.cz\/#primaryimage\"},\"thumbnailUrl\":\"https:\/\/www.spros.cz\/wp-content\/uploads\/2025\/02\/ssad-1024x576.jpg\",\"datePublished\":\"2025-02-26T17:48:14+00:00\",\"dateModified\":\"2025-03-04T16:17:29+00:00\",\"breadcrumb\":{\"@id\":\"https:\/\/www.spros.cz\/#breadcrumb\"},\"inLanguage\":\"cs\",\"potentialAction\":[{\"@type\":\"ReadAction\",\"target\":[\"https:\/\/www.spros.cz\/\"]}]},{\"@type\":\"ImageObject\",\"inLanguage\":\"cs\",\"@id\":\"https:\/\/www.spros.cz\/#primaryimage\",\"url\":\"https:\/\/www.spros.cz\/wp-content\/uploads\/2025\/02\/ssad.jpg\",\"contentUrl\":\"https:\/\/www.spros.cz\/wp-content\/uploads\/2025\/02\/ssad.jpg\",\"width\":1920,\"height\":1080},{\"@type\":\"BreadcrumbList\",\"@id\":\"https:\/\/www.spros.cz\/#breadcrumb\",\"itemListElement\":[{\"@type\":\"ListItem\",\"position\":1,\"name\":\"Dom\u016f\",\"item\":\"https:\/\/www.spros.cz\/\"},{\"@type\":\"ListItem\",\"position\":2,\"name\":\"O n\u00e1s\"}]},{\"@type\":\"WebSite\",\"@id\":\"https:\/\/www.spros.cz\/#website\",\"url\":\"https:\/\/www.spros.cz\/\",\"name\":\"Sproscz\",\"description\":\"V\u0161e pro st\u0159echy od A do Z\",\"potentialAction\":[{\"@type\":\"SearchAction\",\"target\":{\"@type\":\"EntryPoint\",\"urlTemplate\":\"https:\/\/www.spros.cz\/?s={search_term_string}\"},\"query-input\":{\"@type\":\"PropertyValueSpecification\",\"valueRequired\":true,\"valueName\":\"search_term_string\"}}],\"inLanguage\":\"cs\"}]}<\/script>\n<!-- \/ Yoast SEO plugin. -->","yoast_head_json":{"title":"O n\u00e1s -","robots":{"index":"index","follow":"follow","max-snippet":"max-snippet:-1","max-image-preview":"max-image-preview:large","max-video-preview":"max-video-preview:-1"},"canonical":"https:\/\/www.spros.cz\/","og_locale":"cs_CZ","og_type":"article","og_title":"O n\u00e1s -","og_description":"\u00a0Stavebn\u00ed spole\u010dnost S pro S cz, spol s.r.o. je modern\u00ed spole\u010dnost p\u016fsob\u00edc\u00ed na \u00fazem\u00ed St\u0159edo\u010desk\u00e9ho a Severo\u010desk\u00e9ho kraje.\u00a0 Na\u0161i zam\u011bstnanci maj\u00ed u\u017e dlouholet\u00e9 zku\u0161enosti v oboru a d\u00edky tomu je na\u0161e spole\u010dnost schopna poskytnout slu\u017eby na velice vysok\u00e9 \u00farovni. Specializace na\u0161\u00ed spole\u010dnosti jsou rekonstrukce&nbsp; objekt\u016f se zam\u011b\u0159en\u00edm na opravy st\u0159e\u0161n\u00edch konstrukc\u00ed. Nab\u00edz\u00edme Modernizace P\u016fvodn\u00ed vestavby ...","og_url":"https:\/\/www.spros.cz\/","article_modified_time":"2025-03-04T16:17:29+00:00","og_image":[{"width":1920,"height":1080,"url":"https:\/\/www.spros.cz\/wp-content\/uploads\/2025\/02\/ssad.jpg","type":"image\/jpeg"}],"twitter_card":"summary_large_image","twitter_misc":{"Odhadovan\u00e1 doba \u010dten\u00ed":"1 minuta"},"schema":{"@context":"https:\/\/schema.org","@graph":[{"@type":"WebPage","@id":"https:\/\/www.spros.cz\/","url":"https:\/\/www.spros.cz\/","name":"O n\u00e1s -","isPartOf":{"@id":"https:\/\/www.spros.cz\/#website"},"primaryImageOfPage":{"@id":"https:\/\/www.spros.cz\/#primaryimage"},"image":{"@id":"https:\/\/www.spros.cz\/#primaryimage"},"thumbnailUrl":"https:\/\/www.spros.cz\/wp-content\/uploads\/2025\/02\/ssad-1024x576.jpg","datePublished":"2025-02-26T17:48:14+00:00","dateModified":"2025-03-04T16:17:29+00:00","breadcrumb":{"@id":"https:\/\/www.spros.cz\/#breadcrumb"},"inLanguage":"cs","potentialAction":[{"@type":"ReadAction","target":["https:\/\/www.spros.cz\/"]}]},{"@type":"ImageObject","inLanguage":"cs","@id":"https:\/\/www.spros.cz\/#primaryimage","url":"https:\/\/www.spros.cz\/wp-content\/uploads\/2025\/02\/ssad.jpg","contentUrl":"https:\/\/www.spros.cz\/wp-content\/uploads\/2025\/02\/ssad.jpg","width":1920,"height":1080},{"@type":"BreadcrumbList","@id":"https:\/\/www.spros.cz\/#breadcrumb","itemListElement":[{"@type":"ListItem","position":1,"name":"Dom\u016f","item":"https:\/\/www.spros.cz\/"},{"@type":"ListItem","position":2,"name":"O n\u00e1s"}]},{"@type":"WebSite","@id":"https:\/\/www.spros.cz\/#website","url":"https:\/\/www.spros.cz\/","name":"Sproscz","description":"V\u0161e pro st\u0159echy od A do Z","potentialAction":[{"@type":"SearchAction","target":{"@type":"EntryPoint","urlTemplate":"https:\/\/www.spros.cz\/?s={search_term_string}"},"query-input":{"@type":"PropertyValueSpecification","valueRequired":true,"valueName":"search_term_string"}}],"inLanguage":"cs"}]}},"_links":{"self":[{"href":"https:\/\/www.spros.cz\/index.php?rest_route=\/wp\/v2\/pages\/177","targetHints":{"allow":["GET"]}}],"collection":[{"href":"https:\/\/www.spros.cz\/index.php?rest_route=\/wp\/v2\/pages"}],"about":[{"href":"https:\/\/www.spros.cz\/index.php?rest_route=\/wp\/v2\/types\/page"}],"author":[{"embeddable":true,"href":"https:\/\/www.spros.cz\/index.php?rest_route=\/wp\/v2\/users\/1"}],"replies":[{"embeddable":true,"href":"https:\/\/www.spros.cz\/index.php?rest_route=%2Fwp%2Fv2%2Fcomments&post=177"}],"version-history":[{"count":24,"href":"https:\/\/www.spros.cz\/index.php?rest_route=\/wp\/v2\/pages\/177\/revisions"}],"predecessor-version":[{"id":436,"href":"https:\/\/www.spros.cz\/index.php?rest_route=\/wp\/v2\/pages\/177\/revisions\/436"}],"wp:attachment":[{"href":"https:\/\/www.spros.cz\/index.php?rest_route=%2Fwp%2Fv2%2Fmedia&parent=177"}],"curies":[{"name":"wp","href":"https:\/\/api.w.org\/{rel}","templated":true}]}}